{"id":11,"date":"2024-09-17T10:46:39","date_gmt":"2024-09-17T10:46:39","guid":{"rendered":"http:\/\/thenexuslab.world\/?page_id=11"},"modified":"2024-11-08T09:39:54","modified_gmt":"2024-11-08T09:39:54","slug":"home","status":"publish","type":"page","link":"https:\/\/thenexuslab.world\/fr\/","title":{"rendered":"Home"},"content":{"rendered":"<div data-elementor-type=\"wp-page\" data-elementor-id=\"11\" class=\"elementor elementor-11\" data-elementor-post-type=\"page\">\n\t\t\t\t<div class=\"elementor-element elementor-element-766e784 e-flex e-con-boxed e-con e-parent\" data-id=\"766e784\" data-element_type=\"container\">\n\t\t\t\t\t<div class=\"e-con-inner\">\n\t\t<div class=\"elementor-element elementor-element-cbb2b74 e-con-full e-flex e-con e-child\" data-id=\"cbb2b74\" data-element_type=\"container\">\n\t\t\t\t<div class=\"elementor-element elementor-element-d33972d elementor-widget elementor-widget-heading\" data-id=\"d33972d\" data-element_type=\"widget\" data-widget_type=\"heading.default\">\n\t\t\t\t<div class=\"elementor-widget-container\">\n\t\t\t<h2 class=\"elementor-heading-title elementor-size-default\">Concevoir des actions bas\u00e9es sur des donn\u00e9es probantes<\/h2>\t\t<\/div>\n\t\t\t\t<\/div>\n\t\t\t\t<div class=\"elementor-element elementor-element-db6c118 elementor-widget elementor-widget-text-editor\" data-id=\"db6c118\" data-element_type=\"widget\" data-widget_type=\"text-editor.default\">\n\t\t\t\t<div class=\"elementor-widget-container\">\n\t\t\t\t\t\t\t<p><span style=\"font-weight: 400;\">Nous vous aidons \u00e0 g\u00e9n\u00e9rer, interpr\u00e9ter et maximiser l'utilisation de vos donn\u00e9es pour mener des actions plus pertinentes et impactantes<\/span><\/p>\t\t\t\t\t\t<\/div>\n\t\t\t\t<\/div>\n\t\t<div class=\"elementor-element elementor-element-588e39c e-grid e-con-full e-con e-child\" data-id=\"588e39c\" data-element_type=\"container\">\n\t\t<a class=\"eael-wrapper-link-e83366d --eael-wrapper-link-tag\" href=\"https:\/\/thenexuslab.world\/fr\/references\/\"><\/a><div data-eael-wrapper-link=\"eael-wrapper-link-e83366d\" class=\"elementor-element elementor-element-e83366d e-flex e-con-boxed e-con e-child\" data-id=\"e83366d\" data-element_type=\"container\" id=\"home_button_1\" data-settings=\"{&quot;background_background&quot;:&quot;classic&quot;}\">\n\t\t\t\t\t<div class=\"e-con-inner\">\n\t\t\t\t<div class=\"elementor-element elementor-element-9acdef7 elementor-widget elementor-widget-heading\" data-id=\"9acdef7\" data-element_type=\"widget\" data-widget_type=\"heading.default\">\n\t\t\t\t<div class=\"elementor-widget-container\">\n\t\t\t<h2 class=\"elementor-heading-title elementor-size-default\"><a href=\"https:\/\/thenexuslab.world\/fr\/references\/\">Consultez nos r\u00e9f\u00e9rences<\/a><\/h2>\t\t<\/div>\n\t\t\t\t<\/div>\n\t\t\t\t\t<\/div>\n\t\t\t\t<\/div>\n\t\t<a class=\"eael-wrapper-link-848f95a --eael-wrapper-link-tag\" href=\"https:\/\/thenexuslab.world\/fr\/the-monitor\/\"><\/a><div data-eael-wrapper-link=\"eael-wrapper-link-848f95a\" class=\"elementor-element elementor-element-848f95a e-flex e-con-boxed e-con e-child\" data-id=\"848f95a\" data-element_type=\"container\" id=\"home_button_2\" data-settings=\"{&quot;background_background&quot;:&quot;classic&quot;}\">\n\t\t\t\t\t<div class=\"e-con-inner\">\n\t\t\t\t<div class=\"elementor-element elementor-element-346b7f1 elementor-widget elementor-widget-heading\" data-id=\"346b7f1\" data-element_type=\"widget\" data-widget_type=\"heading.default\">\n\t\t\t\t<div class=\"elementor-widget-container\">\n\t\t\t<h2 class=\"elementor-heading-title elementor-size-default\"><a href=\"https:\/\/thenexuslab.world\/fr\/the-monitor\/\">\"The Monitor\": le suivi-\u00e9valuation simplifi\u00e9<\/a><\/h2>\t\t<\/div>\n\t\t\t\t<\/div>\n\t\t\t\t\t<\/div>\n\t\t\t\t<\/div>\n\t\t\t\t<\/div>\n\t\t\t\t<\/div>\n\t\t\t\t\t<\/div>\n\t\t\t\t<\/div>\n\t\t\t\t<\/div>","protected":false},"excerpt":{"rendered":"<p>Data insights for evidence-based action We assist you in generating, interpreting, and maximizing the use of your data to drive more relevant and impactful actions Browse our references \u201cThe Monitor\u201d: Monitoring and Evaluation made simple<\/p>","protected":false},"author":2,"featured_media":0,"parent":0,"menu_order":0,"comment_status":"closed","ping_status":"closed","template":"elementor_header_footer","meta":{"inline_featured_image":false,"footnotes":""},"class_list":["post-11","page","type-page","status-publish","hentry"],"_links":{"self":[{"href":"https:\/\/thenexuslab.world\/fr\/wp-json\/wp\/v2\/pages\/11","targetHints":{"allow":["GET"]}}],"collection":[{"href":"https:\/\/thenexuslab.world\/fr\/wp-json\/wp\/v2\/pages"}],"about":[{"href":"https:\/\/thenexuslab.world\/fr\/wp-json\/wp\/v2\/types\/page"}],"author":[{"embeddable":true,"href":"https:\/\/thenexuslab.world\/fr\/wp-json\/wp\/v2\/users\/2"}],"replies":[{"embeddable":true,"href":"https:\/\/thenexuslab.world\/fr\/wp-json\/wp\/v2\/comments?post=11"}],"version-history":[{"count":67,"href":"https:\/\/thenexuslab.world\/fr\/wp-json\/wp\/v2\/pages\/11\/revisions"}],"predecessor-version":[{"id":552,"href":"https:\/\/thenexuslab.world\/fr\/wp-json\/wp\/v2\/pages\/11\/revisions\/552"}],"wp:attachment":[{"href":"https:\/\/thenexuslab.world\/fr\/wp-json\/wp\/v2\/media?parent=11"}],"curies":[{"name":"wp","href":"https:\/\/api.w.org\/{rel}","templated":true}]}}