{"id":13,"date":"2024-09-17T10:46:58","date_gmt":"2024-09-17T10:46:58","guid":{"rendered":"http:\/\/thenexuslab.world\/?page_id=13"},"modified":"2025-01-20T14:25:15","modified_gmt":"2025-01-20T14:25:15","slug":"who-we-are","status":"publish","type":"page","link":"https:\/\/thenexuslab.world\/fr\/who-we-are\/","title":{"rendered":"Qui nous sommes"},"content":{"rendered":"<div data-elementor-type=\"wp-page\" data-elementor-id=\"13\" class=\"elementor elementor-13\" data-elementor-post-type=\"page\">\n\t\t\t\t<div class=\"elementor-element elementor-element-9597e47 e-flex e-con-boxed e-con e-parent\" data-id=\"9597e47\" data-element_type=\"container\">\n\t\t\t\t\t<div class=\"e-con-inner\">\n\t\t\t\t<div class=\"elementor-element elementor-element-7a17290 elementor-widget elementor-widget-heading\" data-id=\"7a17290\" data-element_type=\"widget\" data-widget_type=\"heading.default\">\n\t\t\t\t<div class=\"elementor-widget-container\">\n\t\t\t<h2 class=\"elementor-heading-title elementor-size-default\">Qui nous sommes\n<\/h2>\t\t<\/div>\n\t\t\t\t<\/div>\n\t\t\t\t<div class=\"elementor-element elementor-element-208511f elementor-widget elementor-widget-text-editor\" data-id=\"208511f\" data-element_type=\"widget\" data-widget_type=\"text-editor.default\">\n\t\t\t\t<div class=\"elementor-widget-container\">\n\t\t\t\t\t\t\t<p>Pourquoi le suivi-\u00e9valuation est-il si complexe ?<\/p><p>Comment puis-je automatiser les retours des participants ?<\/p><p>Que faire de toutes ces tableaux Excel ?<\/p><p>Comment cet atelier peut-il r\u00e9ellement apporter de la valeur ?<\/p><p>Does anyone actually read these reports?&#8221;<\/p><p>Si vous vous \u00eates d\u00e9j\u00e0 pos\u00e9 l'une de ces questions, rassurez-vous : vous n'\u00eates pas seul. Nous avons rencontr\u00e9 les m\u00eames difficult\u00e9s - jongler avec des dizaines de tableaux Excel, s'interroger sur le sens de certaines activit\u00e9s, et se noyer sous une vague de rapports.  Et c'est pr\u00e9cis\u00e9ment pour \u00e7a que nous avons cr\u00e9\u00e9 The Nexus Lab. <strong>The Nexus Lab<\/strong>.<\/p><p><strong>The Nexus Lab<\/strong> The Nexus Lab offre des services de recherche et de conseil aux organisations du monde de la coop\u00e9ration internationale, avec une vision simple mais forte : lib\u00e9rer les connaissances de votre organisation.<\/p><p>Nous sommes guid\u00e9s par deux piliers fondamentaux :<\/p><ol><li><strong>The Nexus<\/strong> nous sommes convaincus que la v\u00e9rit\u00e9 se trouve au croisement diff\u00e9rents types d'expertise. Nous croyons en des perspectives globales, r\u00e9unissant des profils divers pour construire des hypoth\u00e8ses cr\u00e9dibles et produire des analyses solides. Nous cherchons \u00e0 rapprocher le monde acad\u00e9mique et le secteur du d\u00e9veloppement, en mobilisant des repr\u00e9sentants de ces deux univers.<\/li><li><strong>The Lab<\/strong> c'est notre engagement \u00e0 adopter des pratiques innovantes dans tout ce que nous faisons. Ce n'est pas une posture, et nous n'innovons pas pour le plaisir d'innover : nous recherchons syst\u00e9matiquement des concepts th\u00e9oriques novateurs et des outils technologiques avanc\u00e9s pour vous aider \u00e0 atteindre vos objectifs.<\/li><\/ol>\t\t\t\t\t\t<\/div>\n\t\t\t\t<\/div>\n\t\t\t\t\t<\/div>\n\t\t\t\t<\/div>\n\t\t\t\t<\/div>","protected":false},"excerpt":{"rendered":"<p>Who we are &#8220;Why is monitoring and evaluation so cumbersome? How can I automate participant feedback? What can I do with all that data sitting in Excel sheets? How can that workshop truly add value? Does anyone actually read these reports?&#8221; Have you ever asked yourself one of these questions? You&#8217;re not alone. We&#8217;ve faced [&hellip;]<\/p>","protected":false},"author":2,"featured_media":0,"parent":0,"menu_order":0,"comment_status":"closed","ping_status":"closed","template":"elementor_header_footer","meta":{"inline_featured_image":false,"footnotes":""},"class_list":["post-13","page","type-page","status-publish","hentry"],"_links":{"self":[{"href":"https:\/\/thenexuslab.world\/fr\/wp-json\/wp\/v2\/pages\/13","targetHints":{"allow":["GET"]}}],"collection":[{"href":"https:\/\/thenexuslab.world\/fr\/wp-json\/wp\/v2\/pages"}],"about":[{"href":"https:\/\/thenexuslab.world\/fr\/wp-json\/wp\/v2\/types\/page"}],"author":[{"embeddable":true,"href":"https:\/\/thenexuslab.world\/fr\/wp-json\/wp\/v2\/users\/2"}],"replies":[{"embeddable":true,"href":"https:\/\/thenexuslab.world\/fr\/wp-json\/wp\/v2\/comments?post=13"}],"version-history":[{"count":22,"href":"https:\/\/thenexuslab.world\/fr\/wp-json\/wp\/v2\/pages\/13\/revisions"}],"predecessor-version":[{"id":576,"href":"https:\/\/thenexuslab.world\/fr\/wp-json\/wp\/v2\/pages\/13\/revisions\/576"}],"wp:attachment":[{"href":"https:\/\/thenexuslab.world\/fr\/wp-json\/wp\/v2\/media?parent=13"}],"curies":[{"name":"wp","href":"https:\/\/api.w.org\/{rel}","templated":true}]}}