{"id":19,"date":"2024-09-17T10:47:35","date_gmt":"2024-09-17T10:47:35","guid":{"rendered":"http:\/\/thenexuslab.world\/?page_id=19"},"modified":"2024-10-02T14:02:13","modified_gmt":"2024-10-02T14:02:13","slug":"the-monitor","status":"publish","type":"page","link":"https:\/\/thenexuslab.world\/fr\/the-monitor\/","title":{"rendered":"The Monitor"},"content":{"rendered":"<div data-elementor-type=\"wp-page\" data-elementor-id=\"19\" class=\"elementor elementor-19\" data-elementor-post-type=\"page\">\n\t\t\t\t<div class=\"elementor-element elementor-element-e8203a6 e-flex e-con-boxed e-con e-parent\" data-id=\"e8203a6\" data-element_type=\"container\">\n\t\t\t\t\t<div class=\"e-con-inner\">\n\t\t\t\t<div class=\"elementor-element elementor-element-15017c7 elementor-widget elementor-widget-heading\" data-id=\"15017c7\" data-element_type=\"widget\" data-widget_type=\"heading.default\">\n\t\t\t\t<div class=\"elementor-widget-container\">\n\t\t\t<h2 class=\"elementor-heading-title elementor-size-default\">The Monitor\n<\/h2>\t\t<\/div>\n\t\t\t\t<\/div>\n\t\t\t\t<div class=\"elementor-element elementor-element-862fe69 elementor-widget elementor-widget-text-editor\" data-id=\"862fe69\" data-element_type=\"widget\" data-widget_type=\"text-editor.default\">\n\t\t\t\t<div class=\"elementor-widget-container\">\n\t\t\t\t\t\t\t<p>\u00ab Le suivi-\u00e9valuation ? Quelle perte de temps ! \u00bb, a-t-on d\u00e9j\u00e0 entendu. Et nous comprenons pourquoi : des feuilles Excel stock\u00e9es ici et l\u00e0, des questionnaires de suivi distribu\u00e9s et analys\u00e9s manuellement, des indicateurs mal con\u00e7us, etc. Le suivi-\u00e9valuation s'apparente souvent \u00e0 une t\u00e2che r\u00e9barbative apportant peu de valeur, et \u00eatre n\u00e9glig\u00e9 par les projets.<\/p>\n\n<p>Forts de 15 ans d'exp\u00e9rience dans le domaine du suivi et de l'\u00e9valuation, <strong>nous avons d\u00e9velopp\u00e9<\/strong> <strong>The Monitor,<\/strong> Forts de 15 ans d'exp\u00e9rience dans le domaine, nous avons d\u00e9velopp\u00e9 The Monitor, une solution en ligne con\u00e7ue pour rendre le suivi-\u00e9valuation simple et intuitif.<\/p>\n\n<p><strong>The Monitor<\/strong> Informations centralis\u00e9es sur les activit\u00e9s, indicateurs et participants de votre projet<\/p>\n\n<ul>\n \t<li>Informations centralis\u00e9es sur les activit\u00e9s, indicateurs et participants de votre projet<\/li>\n \t<li>Distribution automatis\u00e9e des questionnaires et analyse des retours<\/li>\n \t<li>Mises \u00e0 jour automatis\u00e9es des indicateurs de performance (le cas \u00e9ch\u00e9ant)<\/li>\n \t<li>Visualisation des donn\u00e9es personnalisable<\/li>\n<\/ul>\n<br>\n<p>Vous souhaitez en savoir plus ? N'h\u00e9sitez pas \u00e0 <a href=\"https:\/\/thenexuslab.world\/fr\/contact\/\" target=\"_blank\" style=\"color: #2F6D64;\">nous contacter !<\/a><\/p>\n\n\t\t\t\t\t\t<\/div>\n\t\t\t\t<\/div>\n\t\t\t\t\t<\/div>\n\t\t\t\t<\/div>\n\t\t\t\t<\/div>","protected":false},"excerpt":{"rendered":"<p>The Monitor &#8220;Monitoring and Evaluation? Such a waste of time,&#8221; they said. And we understand why: numerous decentralized Excel sheets, manual questionnaire distribution, poorly designed indicators, and more. M&amp;E can sometimes lack relevance and is often neglected by project managers. Drawing on 15 years of experience in the field of M&amp;E, we have developed The [&hellip;]<\/p>","protected":false},"author":2,"featured_media":0,"parent":0,"menu_order":0,"comment_status":"closed","ping_status":"closed","template":"elementor_header_footer","meta":{"inline_featured_image":false,"footnotes":""},"class_list":["post-19","page","type-page","status-publish","hentry"],"_links":{"self":[{"href":"https:\/\/thenexuslab.world\/fr\/wp-json\/wp\/v2\/pages\/19","targetHints":{"allow":["GET"]}}],"collection":[{"href":"https:\/\/thenexuslab.world\/fr\/wp-json\/wp\/v2\/pages"}],"about":[{"href":"https:\/\/thenexuslab.world\/fr\/wp-json\/wp\/v2\/types\/page"}],"author":[{"embeddable":true,"href":"https:\/\/thenexuslab.world\/fr\/wp-json\/wp\/v2\/users\/2"}],"replies":[{"embeddable":true,"href":"https:\/\/thenexuslab.world\/fr\/wp-json\/wp\/v2\/comments?post=19"}],"version-history":[{"count":13,"href":"https:\/\/thenexuslab.world\/fr\/wp-json\/wp\/v2\/pages\/19\/revisions"}],"predecessor-version":[{"id":300,"href":"https:\/\/thenexuslab.world\/fr\/wp-json\/wp\/v2\/pages\/19\/revisions\/300"}],"wp:attachment":[{"href":"https:\/\/thenexuslab.world\/fr\/wp-json\/wp\/v2\/media?parent=19"}],"curies":[{"name":"wp","href":"https:\/\/api.w.org\/{rel}","templated":true}]}}